{"id":10,"date":"2015-06-24T10:57:18","date_gmt":"2015-06-24T08:57:18","guid":{"rendered":"http:\/\/www.lise-lotteaugustsson.se\/?page_id=10"},"modified":"2017-09-04T21:09:59","modified_gmt":"2017-09-04T19:09:59","slug":"meritforteckning","status":"publish","type":"page","link":"https:\/\/www.lise-lotteaugustsson.se\/?page_id=10","title":{"rendered":"Meritf\u00f6rteckning"},"content":{"rendered":"<p>Lise-Lotte Augustsson<\/p>\n<table width=\"100%\">\n<tbody>\n<tr>\n<td width=\"119\">\n<h1>M\u00e5ls\u00e4ttning<\/h1>\n<\/td>\n<td width=\"31\"><\/td>\n<td width=\"522\">Att med min utbildning och kunskap inom omr\u00e5det IT och informationshantering i olika former kunna arbeta med datorer som hj\u00e4lpmedel i kommunikation b\u00e5de internt och med omv\u00e4rlden.<\/td>\n<\/tr>\n<tr>\n<td width=\"119\">\n<h1>Kompetens och kvalifikationer<\/h1>\n<\/td>\n<td width=\"31\"><\/td>\n<td width=\"522\">Har l\u00e5ng erfarenhet att hantera diverse mjukvaror b\u00e5de genom flertalet datorutbildningar och \u00e4ven genom arbete inom n\u00e5gon form av administration baserat p\u00e5 genuint intresse f\u00f6r datorbaserad informationshantering och kommunikationsfr\u00e5gor.<\/td>\n<\/tr>\n<tr>\n<td width=\"119\">\n<h1>\u00a0 Erfarenhet<\/h1>\n<\/td>\n<td width=\"31\"><\/td>\n<td width=\"522\"><b>G\u00f6teborgsfont\u00e4nen<\/b><\/p>\n<p>2017-04-28 &#8211; 2017-09-01<\/p>\n<p>Receptionist.<\/p>\n<p>&nbsp;<\/p>\n<p><strong>Nostalgicum administration, marknadsf\u00f6ring<\/strong><\/p>\n<p><strong>2015-09-14 \u2013 2016-12-13<\/strong><\/p>\n<p>Jag administrade arbetsuppgifter inom marknadsf\u00f6ring f\u00f6r verksamheten i mus\u00e9et som var styrd under f\u00f6reningen Kretsloppet i Gamlestaden i G\u00f6teborg. Dessutom var jag behj\u00e4lplig p\u00e5 olika s\u00e4tt i f\u00f6reningens secondhand butik. Efter nedst\u00e4ngningen av CoCo Kanel h\u00e4nvisades jag till Caf\u00e9 Dagny i mus\u00e9et f\u00f6r att d\u00e4r vara behj\u00e4lplig som servitris.<\/p>\n<p><strong>Administrat\u00f6r\/Sekreterare Personalpoolen I \u00d6rebro, G\u00f6teborgskontoret <\/strong><\/p>\n<p><strong>2001-07-23 <\/strong><strong>\u2013<\/strong><strong> 2001-08-23<\/strong><\/p>\n<p>Uppdraget g\u00e4llde brevskrivning, diarief\u00f6ring, ink\u00f6p av kontorsmateriel, betalnings\u00f6vervakning av fakturorna, \u00f6vervaka att allas arbetsuppgifter klarades av. Kort anst\u00e4llningstid pga av miss fr\u00e5n arbetsgivarsidan i uppdragsupphandlingen.<\/p>\n<h2>Ekonomiassistent och v\u00e4xeltelefonist\/receptionist, POOLia v\u00e4st ab<\/h2>\n<h2>2001-02-12 \u2013 2001-06-13<\/h2>\n<p>Ekonomiassistent i leverant\u00f6rsreskontra (Adix), receptionist\/v\u00e4xeltelefonist; Titan 1000, Doro systemv\u00e4xel. KANSLIST, ILCO I G\u00d6TEBORGS OCH BOHUSL\u00c4N 2000-05-22 \u2013 2000-12-15 Brevskrivning, posthantering, diarief\u00f6ring, administrera f\u00f6reningens resor och arrangemang\/m\u00f6ten, regelbundet uppdatera medlemsregistret, vara medlemmarna behj\u00e4lplig med information; telefonpassning.<\/p>\n<h2>KATRINELUNDSGYMNASIET 1997-03-03\u2013 1997-06-10<\/h2>\n<p>IT-assistent, handleda elever i Internet och Office-97 fr\u00e4mst Word. Hj\u00e4lpa dem anv\u00e4nda programmen i skolarbetet. GALLERI FOTOHUSET 1990-02-06\u2013 1992-05-07 Posthantering, ansvarig f\u00f6r utskick av utst\u00e4llningsinformation, receptionsansvarig under utst\u00e4llningarna; ansvarig f\u00f6r anskaffandet f\u00f6r f\u00f6rt\u00e4ringen vid vernissagerna, mm.<\/td>\n<\/tr>\n<tr>\n<td width=\"119\">\n<h1>Utbildning<\/h1>\n<\/td>\n<td width=\"31\"><\/td>\n<td width=\"522\">\n<h2>S\u00e4lj och Marknadsh\u00f6gskolan<\/h2>\n<h2><span style=\"font-weight: normal;\">2017-09-04 &#8211; p\u00e5g\u00e5ende<\/span><\/h2>\n<h2><span style=\"font-weight: normal;\">Digital Marknadsf\u00f6ring<\/span><\/h2>\n<h2><\/h2>\n<h2>G\u00d6TEBORGS UNIVERSITET, 2002-01-19 \u2013 2005-03-23<\/h2>\n<p>Socialantropologi 20p, Medie- och Kommunikationsvetenskap, Barn- och Ungdomspsykologi. Gick klart socialantropologin grundkurs A med VG och godk\u00e4nt + i n\u00e5gra av de arbeten jag utf\u00f6rde p\u00e5 egenhand. \u00d6ver 20p i Medie- och Kommunikationsvetenskap. D\u00e4r fick jag bla VG i en tentamen om mediehistoria.<\/p>\n<h2>VASA VUXENGYMNASIUM, 1994-1995, 1997-1999<\/h2>\n<p>Gymnasiekompetens i F\u00f6retagsekonomi, med VG i Marknadsf\u00f6ring, d\u00e4r jag och en klasskamrat gjorde ett arbete som fick betyg VG. Gick som allm\u00e4nbildande utbildningen en grundtermin i DOS programmering, d\u00e4r jag fick godk\u00e4nt betyg. M\u00e5nga kurser i Engelska med fr\u00e4mst VG som betyg i flesta engelsk kurser. EDUCTUS V\u00c4ST AB EFTERGYMNASIAL UTBILDNING 1996-10-07 \u2013 1997-02-07 Datorutbildning Officepaketet med internetutbildning. DATORSTUGAN, EFTERGYMNASIAL UTBILDNING 1992-03-30 \u2013 1992-04-11 Macdatorutbildning, allm\u00e4n inriktning<\/td>\n<\/tr>\n<tr>\n<td width=\"119\">\n<h1>Ledarskap<\/h1>\n<\/td>\n<td width=\"31\"><\/td>\n<td width=\"522\">Under n\u00e5gra m\u00e5nader under v\u00e5ren 1997 fick jag m\u00f6jlighet att genom min handledning hj\u00e4lpa gymnasieungdomar i det Windows NT baserade Office paketet med internetuppkoppling. Genom mitt arbete hj\u00e4lpte jag m\u00e5nga av eleverna till b\u00e4ttre betyg bla i svenska och engelska och att anv\u00e4nda internet p\u00e5 Katrinelundsgymnasiet.<\/td>\n<\/tr>\n<tr>\n<td width=\"119\">\n<h1>Referenser<\/h1>\n<\/td>\n<td width=\"31\"><\/td>\n<td width=\"522\">\n<h2>Referenser l\u00e4mnas p\u00e5 beg\u00e4ran<\/h2>\n<\/td>\n<\/tr>\n<\/tbody>\n<\/table>\n<p>&nbsp;<\/p>\n","protected":false},"excerpt":{"rendered":"<p>Lise-Lotte Augustsson M\u00e5ls\u00e4ttning Att med min utbildning och kunskap inom omr\u00e5det IT och informationshantering i olika former kunna arbeta med datorer som hj\u00e4lpmedel i kommunikation b\u00e5de internt och med omv\u00e4rlden. Kompetens och kvalifikationer Har l\u00e5ng erfarenhet att hantera diverse mjukvaror b\u00e5de genom flertalet datorutbildningar och \u00e4ven genom arbete inom n\u00e5gon form av administration baserat p\u00e5 &hellip; <a href=\"https:\/\/www.lise-lotteaugustsson.se\/?page_id=10\" class=\"more-link\">Forts\u00e4tt l\u00e4sa <span class=\"screen-reader-text\">Meritf\u00f6rteckning<\/span> <span class=\"meta-nav\">&rarr;<\/span><\/a><\/p>\n","protected":false},"author":1,"featured_media":0,"parent":0,"menu_order":0,"comment_status":"open","ping_status":"open","template":"","meta":{"footnotes":""},"class_list":["post-10","page","type-page","status-publish","hentry"],"_links":{"self":[{"href":"https:\/\/www.lise-lotteaugustsson.se\/index.php?rest_route=\/wp\/v2\/pages\/10","targetHints":{"allow":["GET"]}}],"collection":[{"href":"https:\/\/www.lise-lotteaugustsson.se\/index.php?rest_route=\/wp\/v2\/pages"}],"about":[{"href":"https:\/\/www.lise-lotteaugustsson.se\/index.php?rest_route=\/wp\/v2\/types\/page"}],"author":[{"embeddable":true,"href":"https:\/\/www.lise-lotteaugustsson.se\/index.php?rest_route=\/wp\/v2\/users\/1"}],"replies":[{"embeddable":true,"href":"https:\/\/www.lise-lotteaugustsson.se\/index.php?rest_route=%2Fwp%2Fv2%2Fcomments&post=10"}],"version-history":[{"count":11,"href":"https:\/\/www.lise-lotteaugustsson.se\/index.php?rest_route=\/wp\/v2\/pages\/10\/revisions"}],"predecessor-version":[{"id":57,"href":"https:\/\/www.lise-lotteaugustsson.se\/index.php?rest_route=\/wp\/v2\/pages\/10\/revisions\/57"}],"wp:attachment":[{"href":"https:\/\/www.lise-lotteaugustsson.se\/index.php?rest_route=%2Fwp%2Fv2%2Fmedia&parent=10"}],"curies":[{"name":"wp","href":"https:\/\/api.w.org\/{rel}","templated":true}]}}