{"id":4,"date":"2015-06-24T10:48:16","date_gmt":"2015-06-24T08:48:16","guid":{"rendered":"http:\/\/www.lise-lotteaugustsson.se\/?page_id=4"},"modified":"2017-09-04T20:57:47","modified_gmt":"2017-09-04T18:57:47","slug":"jag-i-en-hog-person","status":"publish","type":"page","link":"https:\/\/www.lise-lotteaugustsson.se\/?page_id=4","title":{"rendered":"Jag i egen h\u00f6g person"},"content":{"rendered":"<p>&nbsp;<\/p>\n<p>September 2017<\/p>\n<p>Hej!<\/p>\n<p>Jag heter Lise-Lotte Augustsson och \u00e4r 49 \u00e5r. Mitt fr\u00e4msta intresse \u00e4r informationshantering och kommunikationsfr\u00e5gor. Jag har erfarenhet av att hantera diverse mjukvaror men det var ett par \u00e5r sedan, i internets ungdom; innan iPhone och paddan. Trots att det var ett par \u00e5r sedan g\u00f6r jag vad jag kan f\u00f6r att h\u00e5lla mig uppdaterad. Ofta v\u00e4nder sig folk till mig f\u00f6r att l\u00f6sa problem i datorprogrammen.<\/p>\n<p>Jag har \u00e4ven universitetspo\u00e4ng; d\u00e5 fr\u00e4mst i Medie- och Kommunikationsvetenskap samt Socialantropologi. Under utbildningen kom jag i kontakt med teorin kring den linj\u00e4ra modellen, om att mellan s\u00e4ndare och mottagare finns det s\u00e5 kallade bruset i meddelandet. Bruset best\u00e5r av b\u00e5de ett tekniskt brus och ett psykologiskt. Detta ledde mig till att komplettera studierna med Barn- och ungdomspsykologi.<\/p>\n<p>De senaste \u00e5ren har jag f\u00e5tt erfarenhet av psykisk oh\u00e4lsa, och har genomg\u00e5tt en\u00a0arbetsinriktad rehabilitering. Fr\u00e5n och med september 2017 har jag p\u00e5b\u00f6rjat en tv\u00e5\u00e5rig Kvalificerad Yrkesh\u00f6gskoleutbildning.<\/p>\n<p>Som person \u00e4r jag positiv och \u00e4r entusiastisk i mitt engagemang. F\u00f6r n\u00e4rvarande\u00a0arbetar jag med administration p\u00e5 ett museum. P\u00e5 fritiden \u00e4gnar jag mig \u00e5t att laga mat \u00e5t mig och min pojkv\u00e4n och myser med v\u00e5r fem\u00e5riga honkatt. Jag lyssnar g\u00e4rna p\u00e5 Mindfulnessappar, l\u00e4ser deckare och sk\u00f6nlitteratur, Facebook, Twitter, Instagram eller tittar p\u00e5 YouTube. Nu mer finns jag \u00e4ven p\u00e5 LinkedIN. Socialt umg\u00e5s jag g\u00e4rna med v\u00e5ra familjer och v\u00e4nner. N\u00e4r jag tr\u00e4nar p\u00e5 Friskis &amp; Svettis k\u00f6r jag g\u00e4rna yoga, jympa och ut\u00f6var g\u00e4rna lite gymtr\u00e4ning ocks\u00e5.<\/p>\n","protected":false},"excerpt":{"rendered":"<p>&nbsp; September 2017 Hej! Jag heter Lise-Lotte Augustsson och \u00e4r 49 \u00e5r. Mitt fr\u00e4msta intresse \u00e4r informationshantering och kommunikationsfr\u00e5gor. Jag har erfarenhet av att hantera diverse mjukvaror men det var ett par \u00e5r sedan, i internets ungdom; innan iPhone och paddan. Trots att det var ett par \u00e5r sedan g\u00f6r jag vad jag kan f\u00f6r &hellip; <a href=\"https:\/\/www.lise-lotteaugustsson.se\/?page_id=4\" class=\"more-link\">Forts\u00e4tt l\u00e4sa <span class=\"screen-reader-text\">Jag i egen h\u00f6g person<\/span> <span class=\"meta-nav\">&rarr;<\/span><\/a><\/p>\n","protected":false},"author":1,"featured_media":0,"parent":0,"menu_order":0,"comment_status":"open","ping_status":"open","template":"","meta":{"footnotes":""},"class_list":["post-4","page","type-page","status-publish","hentry"],"_links":{"self":[{"href":"https:\/\/www.lise-lotteaugustsson.se\/index.php?rest_route=\/wp\/v2\/pages\/4","targetHints":{"allow":["GET"]}}],"collection":[{"href":"https:\/\/www.lise-lotteaugustsson.se\/index.php?rest_route=\/wp\/v2\/pages"}],"about":[{"href":"https:\/\/www.lise-lotteaugustsson.se\/index.php?rest_route=\/wp\/v2\/types\/page"}],"author":[{"embeddable":true,"href":"https:\/\/www.lise-lotteaugustsson.se\/index.php?rest_route=\/wp\/v2\/users\/1"}],"replies":[{"embeddable":true,"href":"https:\/\/www.lise-lotteaugustsson.se\/index.php?rest_route=%2Fwp%2Fv2%2Fcomments&post=4"}],"version-history":[{"count":9,"href":"https:\/\/www.lise-lotteaugustsson.se\/index.php?rest_route=\/wp\/v2\/pages\/4\/revisions"}],"predecessor-version":[{"id":56,"href":"https:\/\/www.lise-lotteaugustsson.se\/index.php?rest_route=\/wp\/v2\/pages\/4\/revisions\/56"}],"wp:attachment":[{"href":"https:\/\/www.lise-lotteaugustsson.se\/index.php?rest_route=%2Fwp%2Fv2%2Fmedia&parent=4"}],"curies":[{"name":"wp","href":"https:\/\/api.w.org\/{rel}","templated":true}]}}